{"id":117,"date":"2019-10-25T10:19:28","date_gmt":"2019-10-25T10:19:28","guid":{"rendered":"https:\/\/www.agyliscontabilidade.com.br\/?page_id=117"},"modified":"2020-01-22T16:50:12","modified_gmt":"2020-01-22T16:50:12","slug":"quem-somos","status":"publish","type":"page","link":"https:\/\/transporminas.com.br\/transporte-de-cargas-sensiveis\/quem-somos\/","title":{"rendered":"QUEM SOMOS"},"content":{"rendered":"\t\t<div data-elementor-type=\"wp-page\" data-elementor-id=\"117\" class=\"elementor elementor-117\">\n\t\t\t\t\t\t<section class=\"elementor-section elementor-top-section elementor-element elementor-element-70b1bbe6 elementor-section-height-min-height elementor-section-boxed elementor-section-height-default elementor-section-items-middle\" data-id=\"70b1bbe6\" data-element_type=\"section\" data-e-type=\"section\" data-settings=\"{&quot;background_background&quot;:&quot;classic&quot;}\">\n\t\t\t\t\t\t\t<div class=\"elementor-background-overlay\"><\/div>\n\t\t\t\t\t\t\t<div class=\"elementor-container elementor-column-gap-default\">\n\t\t\t\t\t<div class=\"elementor-column elementor-col-100 elementor-top-column elementor-element elementor-element-5f5d88a4 animated-fast elementor-invisible\" data-id=\"5f5d88a4\" data-element_type=\"column\" data-e-type=\"column\" data-settings=\"{&quot;animation&quot;:&quot;fadeInLeft&quot;}\">\n\t\t\t<div class=\"elementor-widget-wrap elementor-element-populated\">\n\t\t\t\t\t\t<div class=\"elementor-element elementor-element-31d12020 elementor-widget elementor-widget-heading\" data-id=\"31d12020\" data-element_type=\"widget\" data-e-type=\"widget\" data-widget_type=\"heading.default\">\n\t\t\t\t<div class=\"elementor-widget-container\">\n\t\t\t\t\t<h4 class=\"elementor-heading-title elementor-size-large\">quem somos<\/h4>\t\t\t\t<\/div>\n\t\t\t\t<\/div>\n\t\t\t\t\t<\/div>\n\t\t<\/div>\n\t\t\t\t\t<\/div>\n\t\t<\/section>\n\t\t\t\t<section class=\"elementor-section elementor-top-section elementor-element elementor-element-d433e36 elementor-section-boxed elementor-section-height-default elementor-section-height-default\" data-id=\"d433e36\" data-element_type=\"section\" data-e-type=\"section\">\n\t\t\t\t\t\t<div class=\"elementor-container elementor-column-gap-default\">\n\t\t\t\t\t<div class=\"elementor-column elementor-col-50 elementor-top-column elementor-element elementor-element-ad7a6b4 elementor-invisible\" data-id=\"ad7a6b4\" data-element_type=\"column\" data-e-type=\"column\" data-settings=\"{&quot;animation&quot;:&quot;fadeInDown&quot;}\">\n\t\t\t<div class=\"elementor-widget-wrap elementor-element-populated\">\n\t\t\t\t\t\t<div class=\"elementor-element elementor-element-81df2eb elementor-widget elementor-widget-heading\" data-id=\"81df2eb\" data-element_type=\"widget\" data-e-type=\"widget\" data-widget_type=\"heading.default\">\n\t\t\t\t<div class=\"elementor-widget-container\">\n\t\t\t\t\t<h3 class=\"elementor-heading-title elementor-size-large\">NOSSAS ESPECIALIDADES<\/h3>\t\t\t\t<\/div>\n\t\t\t\t<\/div>\n\t\t\t\t<div class=\"elementor-element elementor-element-39b6ef7 elementor-invisible elementor-widget elementor-widget-text-editor\" data-id=\"39b6ef7\" data-element_type=\"widget\" data-e-type=\"widget\" data-settings=\"{&quot;_animation&quot;:&quot;fadeInDown&quot;}\" data-widget_type=\"text-editor.default\">\n\t\t\t\t<div class=\"elementor-widget-container\">\n\t\t\t\t\t\t\t\t\t<p>Uma de nossas especialidades \u00e9 o transporte de cargas sens\u00edveis, onde se faz necess\u00e1ria uma maior capacita\u00e7\u00e3o de todos os envolvidos neste tipo de servi\u00e7o.&nbsp;<\/p><p>A&nbsp;<strong><a href=\"https:\/\/transporminas.com.br\/\" target=\"_blank\" rel=\"noopener\">Transporminas<\/a><\/strong>&nbsp;disp\u00f5e de pessoal experiente&nbsp;e capacitado para trabalhar com cargas com alto grau de sensibilidade tais como:<\/p>\t\t\t\t\t\t\t\t<\/div>\n\t\t\t\t<\/div>\n\t\t\t\t<div class=\"elementor-element elementor-element-b3e2587 elementor-invisible elementor-widget elementor-widget-text-editor\" data-id=\"b3e2587\" data-element_type=\"widget\" data-e-type=\"widget\" data-settings=\"{&quot;_animation&quot;:&quot;fadeInDown&quot;}\" data-widget_type=\"text-editor.default\">\n\t\t\t\t<div class=\"elementor-widget-container\">\n\t\t\t\t\t\t\t\t\t<p>\u2022 Computadores e perif\u00e9ricos de pequeno, m\u00e9dio e grande porte;<\/p><p>\u2022 Equipamentos m\u00e9dicos e hospitalares computadorizados;<\/p><p>\u2022 Automa\u00e7\u00e3o Industrial, Comercial e Banc\u00e1ria;<\/p><p>\u2022 Sistemas integrados de informa\u00e7\u00e3o e controle de processos nas \u00e1reas de infraestrutura<\/p><p>(Energia, Transportes Saneamento e Telecomunica\u00e7\u00f5es);<\/p><p>\u2022 Reprodu\u00e7\u00e3o Gr\u00e1fica: copiadoras, sistemas de impress\u00e3o;<\/p><p>\u2022 Sistemas de Telecomunica\u00e7\u00f5es: esta\u00e7\u00f5es e antenas de retransmiss\u00e3o;<\/p><p>\u2022 Reprodu\u00e7\u00e3o Fotogr\u00e1fica: \u201cMinilab\u201c.<\/p>\t\t\t\t\t\t\t\t<\/div>\n\t\t\t\t<\/div>\n\t\t\t\t<div class=\"elementor-element elementor-element-6966594 elementor-widget elementor-widget-heading\" data-id=\"6966594\" data-element_type=\"widget\" data-e-type=\"widget\" data-widget_type=\"heading.default\">\n\t\t\t\t<div class=\"elementor-widget-container\">\n\t\t\t\t\t<h3 class=\"elementor-heading-title elementor-size-large\">Miss\u00e3o<\/h3>\t\t\t\t<\/div>\n\t\t\t\t<\/div>\n\t\t\t\t<div class=\"elementor-element elementor-element-4df9000 elementor-invisible elementor-widget elementor-widget-text-editor\" data-id=\"4df9000\" data-element_type=\"widget\" data-e-type=\"widget\" data-settings=\"{&quot;_animation&quot;:&quot;fadeInDown&quot;}\" data-widget_type=\"text-editor.default\">\n\t\t\t\t<div class=\"elementor-widget-container\">\n\t\t\t\t\t\t\t\t\t<p>Entregar aos nossos clientes solu\u00e7\u00f5es no transporte de cargas sens\u00edveis com qualidade e tecnologia,\u00a0atrav\u00e9s de pessoas comprometidas com o desenvolvimento do neg\u00f3cio.<\/p>\t\t\t\t\t\t\t\t<\/div>\n\t\t\t\t<\/div>\n\t\t\t\t<div class=\"elementor-element elementor-element-c033a7c elementor-widget elementor-widget-heading\" data-id=\"c033a7c\" data-element_type=\"widget\" data-e-type=\"widget\" data-widget_type=\"heading.default\">\n\t\t\t\t<div class=\"elementor-widget-container\">\n\t\t\t\t\t<h3 class=\"elementor-heading-title elementor-size-large\">Vis\u00e3o<\/h3>\t\t\t\t<\/div>\n\t\t\t\t<\/div>\n\t\t\t\t<div class=\"elementor-element elementor-element-d80d20a elementor-invisible elementor-widget elementor-widget-text-editor\" data-id=\"d80d20a\" data-element_type=\"widget\" data-e-type=\"widget\" data-settings=\"{&quot;_animation&quot;:&quot;fadeInDown&quot;}\" data-widget_type=\"text-editor.default\">\n\t\t\t\t<div class=\"elementor-widget-container\">\n\t\t\t\t\t\t\t\t\t<p>Ser refer\u00eancia NACIONAL no transporte de cargas sens\u00edveis para clientes, funcion\u00e1rios e\u00a0fornecedores, atrav\u00e9s de uma pol\u00edtica de gest\u00e3o sustent\u00e1vel e que utilize como princ\u00edpios a \u00e9tica e o\u00a0compromisso.<\/p>\t\t\t\t\t\t\t\t<\/div>\n\t\t\t\t<\/div>\n\t\t\t\t<div class=\"elementor-element elementor-element-726510d elementor-widget elementor-widget-heading\" data-id=\"726510d\" data-element_type=\"widget\" data-e-type=\"widget\" data-widget_type=\"heading.default\">\n\t\t\t\t<div class=\"elementor-widget-container\">\n\t\t\t\t\t<h3 class=\"elementor-heading-title elementor-size-large\">VALORES<\/h3>\t\t\t\t<\/div>\n\t\t\t\t<\/div>\n\t\t\t\t<div class=\"elementor-element elementor-element-e94bc88 elementor-invisible elementor-widget elementor-widget-text-editor\" data-id=\"e94bc88\" data-element_type=\"widget\" data-e-type=\"widget\" data-settings=\"{&quot;_animation&quot;:&quot;fadeInDown&quot;}\" data-widget_type=\"text-editor.default\">\n\t\t\t\t<div class=\"elementor-widget-container\">\n\t\t\t\t\t\t\t\t\t<ul><li>\u00c9tica<\/li><li>Efici\u00eancia<\/li><li>Foco no Cliente<\/li><li>Excel\u00eancia em Servi\u00e7os<\/li><li>Qualidade na Informa\u00e7\u00e3o<\/li><\/ul>\t\t\t\t\t\t\t\t<\/div>\n\t\t\t\t<\/div>\n\t\t\t\t\t<\/div>\n\t\t<\/div>\n\t\t\t\t<div class=\"elementor-column elementor-col-50 elementor-top-column elementor-element elementor-element-5699a21 elementor-invisible\" data-id=\"5699a21\" data-element_type=\"column\" data-e-type=\"column\" data-settings=\"{&quot;animation&quot;:&quot;fadeInDown&quot;,&quot;background_background&quot;:&quot;classic&quot;}\">\n\t\t\t<div class=\"elementor-widget-wrap elementor-element-populated\">\n\t\t\t\t\t\t<div class=\"elementor-element elementor-element-788bd80 elementor-widget elementor-widget-heading\" data-id=\"788bd80\" data-element_type=\"widget\" data-e-type=\"widget\" data-widget_type=\"heading.default\">\n\t\t\t\t<div class=\"elementor-widget-container\">\n\t\t\t\t\t<h3 class=\"elementor-heading-title elementor-size-large\">SOLICITE SUA <BR \/>COTA\u00c7\u00c3O AQUI<\/h3>\t\t\t\t<\/div>\n\t\t\t\t<\/div>\n\t\t\t\t<div class=\"elementor-element elementor-element-c2108b4 elementor-align-center elementor-icon-list--layout-traditional elementor-list-item-link-full_width elementor-widget elementor-widget-icon-list\" data-id=\"c2108b4\" data-element_type=\"widget\" data-e-type=\"widget\" data-widget_type=\"icon-list.default\">\n\t\t\t\t<div class=\"elementor-widget-container\">\n\t\t\t\t\t\t\t<ul class=\"elementor-icon-list-items\">\n\t\t\t\t\t\t\t<li class=\"elementor-icon-list-item\">\n\t\t\t\t\t\t\t\t\t\t\t<span class=\"elementor-icon-list-icon\">\n\t\t\t\t\t\t\t<i aria-hidden=\"true\" class=\"fas fa-phone-alt\"><\/i>\t\t\t\t\t\t<\/span>\n\t\t\t\t\t\t\t\t\t\t<span class=\"elementor-icon-list-text\">(31) 3565-6242<\/span>\n\t\t\t\t\t\t\t\t\t<\/li>\n\t\t\t\t\t\t\t\t<li class=\"elementor-icon-list-item\">\n\t\t\t\t\t\t\t\t\t\t\t<a href=\"tel:%20+5531998482130\">\n\n\t\t\t\t\t\t\t\t\t\t\t\t<span class=\"elementor-icon-list-icon\">\n\t\t\t\t\t\t\t<i aria-hidden=\"true\" class=\"fab fa-whatsapp\"><\/i>\t\t\t\t\t\t<\/span>\n\t\t\t\t\t\t\t\t\t\t<span class=\"elementor-icon-list-text\">(31) 99848-2130<\/span>\n\t\t\t\t\t\t\t\t\t\t\t<\/a>\n\t\t\t\t\t\t\t\t\t<\/li>\n\t\t\t\t\t\t\t\t<li class=\"elementor-icon-list-item\">\n\t\t\t\t\t\t\t\t\t\t\t<span class=\"elementor-icon-list-icon\">\n\t\t\t\t\t\t\t<i aria-hidden=\"true\" class=\"far fa-envelope\"><\/i>\t\t\t\t\t\t<\/span>\n\t\t\t\t\t\t\t\t\t\t<span class=\"elementor-icon-list-text\">comercial@transporminas.com.br<\/span>\n\t\t\t\t\t\t\t\t\t<\/li>\n\t\t\t\t\t\t<\/ul>\n\t\t\t\t\t\t<\/div>\n\t\t\t\t<\/div>\n\t\t\t\t\t<\/div>\n\t\t<\/div>\n\t\t\t\t\t<\/div>\n\t\t<\/section>\n\t\t\t\t<section class=\"elementor-section elementor-top-section elementor-element elementor-element-33052c1d elementor-section-boxed elementor-section-height-default elementor-section-height-default\" data-id=\"33052c1d\" data-element_type=\"section\" data-e-type=\"section\" data-settings=\"{&quot;background_background&quot;:&quot;classic&quot;}\">\n\t\t\t\t\t\t<div class=\"elementor-container elementor-column-gap-default\">\n\t\t\t\t\t<div class=\"elementor-column elementor-col-100 elementor-top-column elementor-element elementor-element-50a084f6 elementor-invisible\" data-id=\"50a084f6\" data-element_type=\"column\" data-e-type=\"column\" data-settings=\"{&quot;animation&quot;:&quot;fadeInDown&quot;}\">\n\t\t\t<div class=\"elementor-widget-wrap elementor-element-populated\">\n\t\t\t\t\t\t<section class=\"elementor-section elementor-inner-section elementor-element elementor-element-2087329f elementor-section-boxed elementor-section-height-default elementor-section-height-default\" data-id=\"2087329f\" data-element_type=\"section\" data-e-type=\"section\">\n\t\t\t\t\t\t<div class=\"elementor-container elementor-column-gap-default\">\n\t\t\t\t\t<div class=\"elementor-column elementor-col-50 elementor-inner-column elementor-element elementor-element-762a8526\" data-id=\"762a8526\" data-element_type=\"column\" data-e-type=\"column\">\n\t\t\t<div class=\"elementor-widget-wrap elementor-element-populated\">\n\t\t\t\t\t\t<div class=\"elementor-element elementor-element-642ca47e elementor-widget elementor-widget-heading\" data-id=\"642ca47e\" data-element_type=\"widget\" data-e-type=\"widget\" data-widget_type=\"heading.default\">\n\t\t\t\t<div class=\"elementor-widget-container\">\n\t\t\t\t\t<h3 class=\"elementor-heading-title elementor-size-large\">SOLICITE AGORA MESMO UMA VISTORIA T\u00c9CNICA !<\/h3>\t\t\t\t<\/div>\n\t\t\t\t<\/div>\n\t\t\t\t\t<\/div>\n\t\t<\/div>\n\t\t\t\t<div class=\"elementor-column elementor-col-50 elementor-inner-column elementor-element elementor-element-9157441\" data-id=\"9157441\" data-element_type=\"column\" data-e-type=\"column\">\n\t\t\t<div class=\"elementor-widget-wrap elementor-element-populated\">\n\t\t\t\t\t\t<div class=\"elementor-element elementor-element-2f06312c elementor-mobile-align-center elementor-align-right elementor-widget elementor-widget-button\" data-id=\"2f06312c\" data-element_type=\"widget\" data-e-type=\"widget\" data-widget_type=\"button.default\">\n\t\t\t\t<div class=\"elementor-widget-container\">\n\t\t\t\t\t\t\t\t\t<div class=\"elementor-button-wrapper\">\n\t\t\t\t\t<a class=\"elementor-button elementor-button-link elementor-size-lg elementor-animation-pulse-shrink\" href=\"https:\/\/transporminas.com.br\/transporte-de-cargas-sensiveis\/#cotacao\">\n\t\t\t\t\t\t<span class=\"elementor-button-content-wrapper\">\n\t\t\t\t\t\t\t\t\t<span class=\"elementor-button-text\">SOLICITAR<\/span>\n\t\t\t\t\t<\/span>\n\t\t\t\t\t<\/a>\n\t\t\t\t<\/div>\n\t\t\t\t\t\t\t\t<\/div>\n\t\t\t\t<\/div>\n\t\t\t\t\t<\/div>\n\t\t<\/div>\n\t\t\t\t\t<\/div>\n\t\t<\/section>\n\t\t\t\t\t<\/div>\n\t\t<\/div>\n\t\t\t\t\t<\/div>\n\t\t<\/section>\n\t\t\t\t<\/div>\n\t\t","protected":false},"excerpt":{"rendered":"<p>quem somos NOSSAS ESPECIALIDADES Uma de nossas especialidades \u00e9 o transporte de cargas sens\u00edveis, onde se faz necess\u00e1ria uma maior capacita\u00e7\u00e3o de todos os envolvidos neste tipo de servi\u00e7o.&nbsp; A&nbsp;Transporminas&nbsp;disp\u00f5e de pessoal experiente&nbsp;e capacitado para trabalhar com cargas com alto grau de sensibilidade tais como: \u2022 Computadores e perif\u00e9ricos de pequeno, m\u00e9dio e grande porte; [&hellip;]<\/p>\n","protected":false},"author":1,"featured_media":0,"parent":0,"menu_order":0,"comment_status":"closed","ping_status":"closed","template":"elementor_canvas","meta":{"_joinchat":[],"footnotes":""},"class_list":["post-117","page","type-page","status-publish","hentry"],"yoast_head":"<!-- This site is optimized with the Yoast SEO plugin v27.5 - https:\/\/yoast.com\/product\/yoast-seo-wordpress\/ -->\n<title>QUEM SOMOS - Transporte de Cargas Sens\u00edveis<\/title>\n<meta name=\"robots\" content=\"index, follow, max-snippet:-1, max-image-preview:large, max-video-preview:-1\" \/>\n<link rel=\"canonical\" href=\"https:\/\/transporminas.com.br\/transporte-de-cargas-sensiveis\/quem-somos\/\" \/>\n<meta property=\"og:locale\" content=\"pt_BR\" \/>\n<meta property=\"og:type\" content=\"article\" \/>\n<meta property=\"og:title\" content=\"QUEM SOMOS - Transporte de Cargas Sens\u00edveis\" \/>\n<meta property=\"og:description\" content=\"quem somos NOSSAS ESPECIALIDADES Uma de nossas especialidades \u00e9 o transporte de cargas sens\u00edveis, onde se faz necess\u00e1ria uma maior capacita\u00e7\u00e3o de todos os envolvidos neste tipo de servi\u00e7o.&nbsp; A&nbsp;Transporminas&nbsp;disp\u00f5e de pessoal experiente&nbsp;e capacitado para trabalhar com cargas com alto grau de sensibilidade tais como: \u2022 Computadores e perif\u00e9ricos de pequeno, m\u00e9dio e grande porte; [&hellip;]\" \/>\n<meta property=\"og:url\" content=\"https:\/\/transporminas.com.br\/transporte-de-cargas-sensiveis\/quem-somos\/\" \/>\n<meta property=\"og:site_name\" content=\"Transporte de Cargas Sens\u00edveis\" \/>\n<meta property=\"article:publisher\" content=\"https:\/\/www.facebook.com\/transporminas\" \/>\n<meta property=\"article:modified_time\" content=\"2020-01-22T16:50:12+00:00\" \/>\n<meta name=\"twitter:card\" content=\"summary_large_image\" \/>\n<meta name=\"twitter:label1\" content=\"Est. tempo de leitura\" \/>\n\t<meta name=\"twitter:data1\" content=\"1 minuto\" \/>\n<script type=\"application\/ld+json\" class=\"yoast-schema-graph\">{\"@context\":\"https:\\\/\\\/schema.org\",\"@graph\":[{\"@type\":\"WebPage\",\"@id\":\"https:\\\/\\\/transporminas.com.br\\\/transporte-de-cargas-sensiveis\\\/quem-somos\\\/\",\"url\":\"https:\\\/\\\/transporminas.com.br\\\/transporte-de-cargas-sensiveis\\\/quem-somos\\\/\",\"name\":\"QUEM SOMOS - Transporte de Cargas Sens\u00edveis\",\"isPartOf\":{\"@id\":\"https:\\\/\\\/transporminas.com.br\\\/transporte-de-cargas-sensiveis\\\/#website\"},\"datePublished\":\"2019-10-25T10:19:28+00:00\",\"dateModified\":\"2020-01-22T16:50:12+00:00\",\"breadcrumb\":{\"@id\":\"https:\\\/\\\/transporminas.com.br\\\/transporte-de-cargas-sensiveis\\\/quem-somos\\\/#breadcrumb\"},\"inLanguage\":\"pt-BR\",\"potentialAction\":[{\"@type\":\"ReadAction\",\"target\":[\"https:\\\/\\\/transporminas.com.br\\\/transporte-de-cargas-sensiveis\\\/quem-somos\\\/\"]}]},{\"@type\":\"BreadcrumbList\",\"@id\":\"https:\\\/\\\/transporminas.com.br\\\/transporte-de-cargas-sensiveis\\\/quem-somos\\\/#breadcrumb\",\"itemListElement\":[{\"@type\":\"ListItem\",\"position\":1,\"name\":\"In\u00edcio\",\"item\":\"https:\\\/\\\/transporminas.com.br\\\/transporte-de-cargas-sensiveis\\\/\"},{\"@type\":\"ListItem\",\"position\":2,\"name\":\"QUEM SOMOS\"}]},{\"@type\":\"WebSite\",\"@id\":\"https:\\\/\\\/transporminas.com.br\\\/transporte-de-cargas-sensiveis\\\/#website\",\"url\":\"https:\\\/\\\/transporminas.com.br\\\/transporte-de-cargas-sensiveis\\\/\",\"name\":\"BCS CONTABILIDADE E CONSULTORIA\",\"description\":\"Uma de nossas especialidades \u00e9 o transporte de cargas sens\u00edveis, onde \u00e9 necess\u00e1rio uma maior capacita\u00e7\u00e3o da equipe envolvida neste tipo de servi\u00e7o.\",\"publisher\":{\"@id\":\"https:\\\/\\\/transporminas.com.br\\\/transporte-de-cargas-sensiveis\\\/#organization\"},\"potentialAction\":[{\"@type\":\"SearchAction\",\"target\":{\"@type\":\"EntryPoint\",\"urlTemplate\":\"https:\\\/\\\/transporminas.com.br\\\/transporte-de-cargas-sensiveis\\\/?s={search_term_string}\"},\"query-input\":{\"@type\":\"PropertyValueSpecification\",\"valueRequired\":true,\"valueName\":\"search_term_string\"}}],\"inLanguage\":\"pt-BR\"},{\"@type\":\"Organization\",\"@id\":\"https:\\\/\\\/transporminas.com.br\\\/transporte-de-cargas-sensiveis\\\/#organization\",\"name\":\"BCS EMPRESARIAL\",\"url\":\"https:\\\/\\\/transporminas.com.br\\\/transporte-de-cargas-sensiveis\\\/\",\"logo\":{\"@type\":\"ImageObject\",\"inLanguage\":\"pt-BR\",\"@id\":\"https:\\\/\\\/transporminas.com.br\\\/transporte-de-cargas-sensiveis\\\/#\\\/schema\\\/logo\\\/image\\\/\",\"url\":\"https:\\\/\\\/transporminas.com.br\\\/transporte-de-cargas-sensiveis\\\/wp-content\\\/uploads\\\/2020\\\/01\\\/fav.jpg\",\"contentUrl\":\"https:\\\/\\\/transporminas.com.br\\\/transporte-de-cargas-sensiveis\\\/wp-content\\\/uploads\\\/2020\\\/01\\\/fav.jpg\",\"width\":500,\"height\":500,\"caption\":\"BCS EMPRESARIAL\"},\"image\":{\"@id\":\"https:\\\/\\\/transporminas.com.br\\\/transporte-de-cargas-sensiveis\\\/#\\\/schema\\\/logo\\\/image\\\/\"},\"sameAs\":[\"https:\\\/\\\/www.facebook.com\\\/transporminas\",\"https:\\\/\\\/www.instagram.com\\\/transporminas\\\/\",\"https:\\\/\\\/www.youtube.com\\\/channel\\\/UCCLMFKvxrRmJrhlBOhyGJWg\\\/videos\"]}]}<\/script>\n<!-- \/ Yoast SEO plugin. -->","yoast_head_json":{"title":"QUEM SOMOS - Transporte de Cargas Sens\u00edveis","robots":{"index":"index","follow":"follow","max-snippet":"max-snippet:-1","max-image-preview":"max-image-preview:large","max-video-preview":"max-video-preview:-1"},"canonical":"https:\/\/transporminas.com.br\/transporte-de-cargas-sensiveis\/quem-somos\/","og_locale":"pt_BR","og_type":"article","og_title":"QUEM SOMOS - Transporte de Cargas Sens\u00edveis","og_description":"quem somos NOSSAS ESPECIALIDADES Uma de nossas especialidades \u00e9 o transporte de cargas sens\u00edveis, onde se faz necess\u00e1ria uma maior capacita\u00e7\u00e3o de todos os envolvidos neste tipo de servi\u00e7o.&nbsp; A&nbsp;Transporminas&nbsp;disp\u00f5e de pessoal experiente&nbsp;e capacitado para trabalhar com cargas com alto grau de sensibilidade tais como: \u2022 Computadores e perif\u00e9ricos de pequeno, m\u00e9dio e grande porte; [&hellip;]","og_url":"https:\/\/transporminas.com.br\/transporte-de-cargas-sensiveis\/quem-somos\/","og_site_name":"Transporte de Cargas Sens\u00edveis","article_publisher":"https:\/\/www.facebook.com\/transporminas","article_modified_time":"2020-01-22T16:50:12+00:00","twitter_card":"summary_large_image","twitter_misc":{"Est. tempo de leitura":"1 minuto"},"schema":{"@context":"https:\/\/schema.org","@graph":[{"@type":"WebPage","@id":"https:\/\/transporminas.com.br\/transporte-de-cargas-sensiveis\/quem-somos\/","url":"https:\/\/transporminas.com.br\/transporte-de-cargas-sensiveis\/quem-somos\/","name":"QUEM SOMOS - Transporte de Cargas Sens\u00edveis","isPartOf":{"@id":"https:\/\/transporminas.com.br\/transporte-de-cargas-sensiveis\/#website"},"datePublished":"2019-10-25T10:19:28+00:00","dateModified":"2020-01-22T16:50:12+00:00","breadcrumb":{"@id":"https:\/\/transporminas.com.br\/transporte-de-cargas-sensiveis\/quem-somos\/#breadcrumb"},"inLanguage":"pt-BR","potentialAction":[{"@type":"ReadAction","target":["https:\/\/transporminas.com.br\/transporte-de-cargas-sensiveis\/quem-somos\/"]}]},{"@type":"BreadcrumbList","@id":"https:\/\/transporminas.com.br\/transporte-de-cargas-sensiveis\/quem-somos\/#breadcrumb","itemListElement":[{"@type":"ListItem","position":1,"name":"In\u00edcio","item":"https:\/\/transporminas.com.br\/transporte-de-cargas-sensiveis\/"},{"@type":"ListItem","position":2,"name":"QUEM SOMOS"}]},{"@type":"WebSite","@id":"https:\/\/transporminas.com.br\/transporte-de-cargas-sensiveis\/#website","url":"https:\/\/transporminas.com.br\/transporte-de-cargas-sensiveis\/","name":"BCS CONTABILIDADE E CONSULTORIA","description":"Uma de nossas especialidades \u00e9 o transporte de cargas sens\u00edveis, onde \u00e9 necess\u00e1rio uma maior capacita\u00e7\u00e3o da equipe envolvida neste tipo de servi\u00e7o.","publisher":{"@id":"https:\/\/transporminas.com.br\/transporte-de-cargas-sensiveis\/#organization"},"potentialAction":[{"@type":"SearchAction","target":{"@type":"EntryPoint","urlTemplate":"https:\/\/transporminas.com.br\/transporte-de-cargas-sensiveis\/?s={search_term_string}"},"query-input":{"@type":"PropertyValueSpecification","valueRequired":true,"valueName":"search_term_string"}}],"inLanguage":"pt-BR"},{"@type":"Organization","@id":"https:\/\/transporminas.com.br\/transporte-de-cargas-sensiveis\/#organization","name":"BCS EMPRESARIAL","url":"https:\/\/transporminas.com.br\/transporte-de-cargas-sensiveis\/","logo":{"@type":"ImageObject","inLanguage":"pt-BR","@id":"https:\/\/transporminas.com.br\/transporte-de-cargas-sensiveis\/#\/schema\/logo\/image\/","url":"https:\/\/transporminas.com.br\/transporte-de-cargas-sensiveis\/wp-content\/uploads\/2020\/01\/fav.jpg","contentUrl":"https:\/\/transporminas.com.br\/transporte-de-cargas-sensiveis\/wp-content\/uploads\/2020\/01\/fav.jpg","width":500,"height":500,"caption":"BCS EMPRESARIAL"},"image":{"@id":"https:\/\/transporminas.com.br\/transporte-de-cargas-sensiveis\/#\/schema\/logo\/image\/"},"sameAs":["https:\/\/www.facebook.com\/transporminas","https:\/\/www.instagram.com\/transporminas\/","https:\/\/www.youtube.com\/channel\/UCCLMFKvxrRmJrhlBOhyGJWg\/videos"]}]}},"_links":{"self":[{"href":"https:\/\/transporminas.com.br\/transporte-de-cargas-sensiveis\/wp-json\/wp\/v2\/pages\/117","targetHints":{"allow":["GET"]}}],"collection":[{"href":"https:\/\/transporminas.com.br\/transporte-de-cargas-sensiveis\/wp-json\/wp\/v2\/pages"}],"about":[{"href":"https:\/\/transporminas.com.br\/transporte-de-cargas-sensiveis\/wp-json\/wp\/v2\/types\/page"}],"author":[{"embeddable":true,"href":"https:\/\/transporminas.com.br\/transporte-de-cargas-sensiveis\/wp-json\/wp\/v2\/users\/1"}],"replies":[{"embeddable":true,"href":"https:\/\/transporminas.com.br\/transporte-de-cargas-sensiveis\/wp-json\/wp\/v2\/comments?post=117"}],"version-history":[{"count":25,"href":"https:\/\/transporminas.com.br\/transporte-de-cargas-sensiveis\/wp-json\/wp\/v2\/pages\/117\/revisions"}],"predecessor-version":[{"id":614,"href":"https:\/\/transporminas.com.br\/transporte-de-cargas-sensiveis\/wp-json\/wp\/v2\/pages\/117\/revisions\/614"}],"wp:attachment":[{"href":"https:\/\/transporminas.com.br\/transporte-de-cargas-sensiveis\/wp-json\/wp\/v2\/media?parent=117"}],"curies":[{"name":"wp","href":"https:\/\/api.w.org\/{rel}","templated":true}]}}